{"id":445,"date":"2023-06-14T13:06:38","date_gmt":"2023-06-14T10:06:38","guid":{"rendered":"http:\/\/bmdisticaret.com\/?page_id=445"},"modified":"2023-09-19T16:26:45","modified_gmt":"2023-09-19T13:26:45","slug":"export-department-service","status":"publish","type":"page","link":"https:\/\/bmdisticaret.com\/en\/our-solutions\/export-department-service\/","title":{"rendered":"Export Department Service"},"content":{"rendered":"\n<div class=\"wp-block-cover solution-header\"><span aria-hidden=\"true\" class=\"wp-block-cover__background has-background-dim-80 has-background-dim\"><\/span><img decoding=\"async\" class=\"wp-block-cover__image-background wp-image-267\" alt=\"\" src=\"http:\/\/bmdisticaret.com\/wp-content\/uploads\/2023\/06\/dan-header.jpg\" data-object-fit=\"cover\"\/><div class=\"wp-block-cover__inner-container is-layout-flow wp-block-cover-is-layout-flow\">\n<h1 class=\"wp-block-heading has-text-align-center has-large-font-size\">EXPORT <em>Department<\/em> Service<\/h1>\n\n\n\n<p class=\"has-text-align-center\">All the departments you need for sustainable exports in the international market are at your service for 12 months!<\/p>\n\n\n\n<p class=\"has-text-align-center\">If you are aiming for a sustainable export by increasing your presence in the international market with a corporate branding work, this department is for you!<\/p>\n\n\n\n<p class=\"has-text-align-center\">Our goal is to integrate our system 100% into your company&#8217;s in-house marketing department when our export department service is completed.<\/p>\n<\/div><\/div>\n\n\n\n<div class=\"wp-block-group solution-video\"><div class=\"wp-block-group__inner-container is-layout-constrained wp-block-group-is-layout-constrained\">\n<div class=\"wp-block-group container is-nowrap is-layout-flex wp-container-core-group-is-layout-2 wp-block-group-is-layout-flex\">\n<figure class=\"wp-block-embed is-type-video is-provider-youtube wp-block-embed-youtube wp-embed-aspect-16-9 wp-has-aspect-ratio\"><div class=\"wp-block-embed__wrapper\">\n<iframe loading=\"lazy\" title=\"\u0130HRACAT H\u0130KAYELER\u0130 - \u0130hracatta Ya\u015fanm\u0131\u015f Olaylar, Mal Mukabili \u00d6deme Y\u00f6ntemi, Tecr\u00fcbesiz \u0130hracat\u00e7\u0131\" width=\"500\" height=\"281\" src=\"https:\/\/www.youtube.com\/embed\/KVAehKtD5xE?start=3&#038;feature=oembed\" frameborder=\"0\" allow=\"accelerometer; autoplay; clipboard-write; encrypted-media; gyroscope; picture-in-picture; web-share\" referrerpolicy=\"strict-origin-when-cross-origin\" allowfullscreen><\/iframe>\n<\/div><\/figure>\n\n\n\n<div class=\"wp-block-group wp-container-content-1\"><div class=\"wp-block-group__inner-container is-layout-constrained wp-block-group-is-layout-constrained\">\n<p class=\"has-medium-font-size\">We wanted to share with you the unpleasant stories about exporting that both we and other exporters have experienced in the past. Our aim will be to minimize the mishaps and mistakes that may occur in the light of these stories as much as possible and to direct those who want to export to the right export.<\/p>\n<\/div><\/div>\n<\/div>\n<\/div><\/div>\n\n\n\n<div class=\"wp-block-group six-box\"><div class=\"wp-block-group__inner-container is-layout-constrained wp-block-group-is-layout-constrained\">\n<div class=\"wp-block-group container is-layout-flex wp-block-group-is-layout-flex\">\n<div class=\"wp-block-group wp-container-content-2 is-nowrap is-layout-flex wp-container-core-group-is-layout-5 wp-block-group-is-layout-flex\">\n<figure class=\"wp-block-image size-full\"><img decoding=\"async\" src=\"http:\/\/bmdisticaret.com\/wp-content\/uploads\/2023\/06\/checktoslot.svg\" alt=\"\" class=\"wp-image-288\"\/><\/figure>\n\n\n\n<div class=\"wp-block-group is-vertical is-layout-flex wp-container-core-group-is-layout-4 wp-block-group-is-layout-flex\">\n<h4 class=\"wp-block-heading\">Quote Guarantee<\/h4>\n\n\n\n<p>Start exporting in the fastest way by choosing one of the targets suitable for your company&#8217;s marketing infrastructure<\/p>\n<\/div>\n<\/div>\n\n\n\n<div class=\"wp-block-group wp-container-content-3 is-nowrap is-layout-flex wp-container-core-group-is-layout-7 wp-block-group-is-layout-flex\">\n<figure class=\"wp-block-image size-large\"><img decoding=\"async\" src=\"http:\/\/bmdisticaret.com\/wp-content\/uploads\/2023\/07\/ihracat-departman-hizmeti-02-2.svg\" alt=\"\" class=\"wp-image-8245\"\/><\/figure>\n\n\n\n<div class=\"wp-block-group is-vertical is-layout-flex wp-container-core-group-is-layout-6 wp-block-group-is-layout-flex\">\n<h4 class=\"wp-block-heading\">Sustainable Export Solutions<\/h4>\n\n\n\n<p>Let us manage and develop all your export processes from A to Z.<\/p>\n<\/div>\n<\/div>\n\n\n\n<div class=\"wp-block-group wp-container-content-4 is-nowrap is-layout-flex wp-container-core-group-is-layout-9 wp-block-group-is-layout-flex\">\n<figure class=\"wp-block-image size-large\"><img decoding=\"async\" src=\"http:\/\/bmdisticaret.com\/wp-content\/uploads\/2023\/07\/ihracat-departman-hizmeti-03.svg\" alt=\"\" class=\"wp-image-8249\"\/><\/figure>\n\n\n\n<div class=\"wp-block-group is-vertical is-layout-flex wp-container-core-group-is-layout-8 wp-block-group-is-layout-flex\">\n<h4 class=\"wp-block-heading\">International Corporate Identity<\/h4>\n\n\n\n<p>With this service, let us manage your brand&#8217;s corporate image in global markets from the beginning.<\/p>\n<\/div>\n<\/div>\n\n\n\n<div class=\"wp-block-group wp-container-content-5 is-nowrap is-layout-flex wp-container-core-group-is-layout-11 wp-block-group-is-layout-flex\">\n<figure class=\"wp-block-image size-large\"><img decoding=\"async\" src=\"http:\/\/bmdisticaret.com\/wp-content\/uploads\/2023\/07\/ihracat-departman-hizmeti-06.svg\" alt=\"\" class=\"wp-image-8246\"\/><\/figure>\n\n\n\n<div class=\"wp-block-group is-vertical is-layout-flex wp-container-core-group-is-layout-10 wp-block-group-is-layout-flex\">\n<h4 class=\"wp-block-heading\">Long Lasting Solution Partnership<\/h4>\n\n\n\n<p>Now you have a partner that offers sustainable solutions in line with your export targets!<\/p>\n<\/div>\n<\/div>\n\n\n\n<div class=\"wp-block-group wp-container-content-6 is-nowrap is-layout-flex wp-container-core-group-is-layout-13 wp-block-group-is-layout-flex\">\n<figure class=\"wp-block-image size-large\"><img decoding=\"async\" src=\"http:\/\/bmdisticaret.com\/wp-content\/uploads\/2023\/07\/ihracat-departman-hizmeti-05.svg\" alt=\"\" class=\"wp-image-8250\"\/><\/figure>\n\n\n\n<div class=\"wp-block-group is-vertical is-layout-flex wp-container-core-group-is-layout-12 wp-block-group-is-layout-flex\">\n<h4 class=\"wp-block-heading\">Digital Marketing for Export<\/h4>\n\n\n\n<p>Become a known and found brand thanks to your digital footprint that we have created especially for you!<\/p>\n<\/div>\n<\/div>\n\n\n\n<div class=\"wp-block-group wp-container-content-7 is-nowrap is-layout-flex wp-container-core-group-is-layout-15 wp-block-group-is-layout-flex\">\n<figure class=\"wp-block-image size-large\"><img decoding=\"async\" src=\"http:\/\/bmdisticaret.com\/wp-content\/uploads\/2023\/07\/ihracat-departman-hizmeti-04-2.svg\" alt=\"\" class=\"wp-image-8251\"\/><\/figure>\n\n\n\n<div class=\"wp-block-group is-vertical is-layout-flex wp-container-core-group-is-layout-14 wp-block-group-is-layout-flex\">\n<h4 class=\"wp-block-heading\">Autonomous and Unique Department<\/h4>\n\n\n\n<p>Start with a team of experts who can lead your company to success as soon as possible.<\/p>\n<\/div>\n<\/div>\n<\/div>\n<\/div><\/div>\n\n\n\n<div class=\"wp-block-group solution-process is-vertical is-content-justification-center is-layout-flex wp-container-core-group-is-layout-39 wp-block-group-is-layout-flex\">\n<h2 class=\"wp-block-heading has-text-align-center sectitle\">How Does the Process Work?<\/h2>\n\n\n\n<div class=\"wp-block-group container is-layout-flex wp-block-group-is-layout-flex\">\n<div class=\"wp-block-group wp-container-content-8 is-nowrap is-layout-flex wp-container-core-group-is-layout-18 wp-block-group-is-layout-flex\">\n<figure class=\"wp-block-image size-full\"><img decoding=\"async\" src=\"http:\/\/bmdisticaret.com\/wp-content\/uploads\/2023\/06\/questionnaire.svg\" alt=\"\" class=\"wp-image-327\"\/><\/figure>\n\n\n\n<p>Needs Analysis for Needs<\/p>\n<\/div>\n\n\n\n<div class=\"wp-block-group wp-container-content-9 is-nowrap is-layout-flex wp-container-core-group-is-layout-19 wp-block-group-is-layout-flex\">\n<figure class=\"wp-block-image size-full\"><img decoding=\"async\" src=\"http:\/\/bmdisticaret.com\/wp-content\/uploads\/2023\/06\/Person-Call.svg\" alt=\"\" class=\"wp-image-324\"\/><\/figure>\n\n\n\n<p>Customer Interviews<\/p>\n<\/div>\n\n\n\n<div class=\"wp-block-group wp-container-content-10 is-nowrap is-layout-flex wp-container-core-group-is-layout-20 wp-block-group-is-layout-flex\">\n<figure class=\"wp-block-image size-full\"><img decoding=\"async\" src=\"http:\/\/bmdisticaret.com\/wp-content\/uploads\/2023\/06\/Document-Search.svg\" alt=\"\" class=\"wp-image-322\"\/><\/figure>\n\n\n\n<p>Target Market Research<\/p>\n<\/div>\n\n\n\n<div class=\"wp-block-group wp-container-content-11 is-nowrap is-layout-flex wp-container-core-group-is-layout-21 wp-block-group-is-layout-flex\">\n<figure class=\"wp-block-image size-full\"><img decoding=\"async\" src=\"http:\/\/bmdisticaret.com\/wp-content\/uploads\/2023\/06\/Clipboard-Task.svg\" alt=\"\" class=\"wp-image-319\"\/><\/figure>\n\n\n\n<p>Quote<\/p>\n<\/div>\n\n\n\n<div class=\"wp-block-group wp-container-content-12 is-nowrap is-layout-flex wp-container-core-group-is-layout-22 wp-block-group-is-layout-flex\">\n<figure class=\"wp-block-image size-full\"><img decoding=\"async\" src=\"http:\/\/bmdisticaret.com\/wp-content\/uploads\/2023\/06\/People-Team-Add.svg\" alt=\"\" class=\"wp-image-323\"\/><\/figure>\n\n\n\n<p>Consultant Assignment<\/p>\n<\/div>\n\n\n\n<div class=\"wp-block-group wp-container-content-13 is-nowrap is-layout-flex wp-container-core-group-is-layout-23 wp-block-group-is-layout-flex\">\n<figure class=\"wp-block-image size-full\"><img decoding=\"async\" src=\"http:\/\/bmdisticaret.com\/wp-content\/uploads\/2023\/06\/Clipboard-Bullet-List-RTL.svg\" alt=\"\" class=\"wp-image-318\"\/><\/figure>\n\n\n\n<p>Negotiation (Contract and Other Details)<\/p>\n<\/div>\n\n\n\n<div class=\"wp-block-group wp-container-content-14 is-nowrap is-layout-flex wp-container-core-group-is-layout-24 wp-block-group-is-layout-flex\">\n<figure class=\"wp-block-image size-full\"><img decoding=\"async\" src=\"http:\/\/bmdisticaret.com\/wp-content\/uploads\/2023\/06\/Document-Bullet-List.svg\" alt=\"\" class=\"wp-image-321\"\/><\/figure>\n\n\n\n<p>Company\/Product Orientation<\/p>\n<\/div>\n\n\n\n<div class=\"wp-block-group wp-container-content-15 is-nowrap is-layout-flex wp-container-core-group-is-layout-25 wp-block-group-is-layout-flex\">\n<figure class=\"wp-block-image size-full\"><img decoding=\"async\" src=\"http:\/\/bmdisticaret.com\/wp-content\/uploads\/2023\/06\/Currency-Dollar-Euro.svg\" alt=\"\" class=\"wp-image-320\"\/><\/figure>\n\n\n\n<p>Sale<\/p>\n<\/div>\n\n\n\n<div class=\"wp-block-group wp-container-content-16 is-nowrap is-layout-flex wp-container-core-group-is-layout-26 wp-block-group-is-layout-flex\">\n<figure class=\"wp-block-image size-full\"><img decoding=\"async\" src=\"http:\/\/bmdisticaret.com\/wp-content\/uploads\/2023\/06\/Premium-Person.svg\" alt=\"\" class=\"wp-image-326\"\/><\/figure>\n\n\n\n<p>Customer Modeling<\/p>\n<\/div>\n\n\n\n<div class=\"wp-block-group wp-container-content-17 is-nowrap is-layout-flex wp-container-core-group-is-layout-27 wp-block-group-is-layout-flex\">\n<figure class=\"wp-block-image size-full\"><img decoding=\"async\" src=\"http:\/\/bmdisticaret.com\/wp-content\/uploads\/2023\/06\/Box.svg\" alt=\"\" class=\"wp-image-315\"\/><\/figure>\n\n\n\n<p>Logistics and Customs Operation<\/p>\n<\/div>\n\n\n\n<div class=\"wp-block-group wp-container-content-18 is-nowrap is-layout-flex wp-container-core-group-is-layout-28 wp-block-group-is-layout-flex\">\n<figure class=\"wp-block-image size-full\"><img decoding=\"async\" src=\"http:\/\/bmdisticaret.com\/wp-content\/uploads\/2023\/06\/Checkbox-Person-1.svg\" alt=\"\" class=\"wp-image-317\"\/><\/figure>\n\n\n\n<p>Competitor Analysis<\/p>\n<\/div>\n\n\n\n<div class=\"wp-block-group wp-container-content-19 is-nowrap is-layout-flex wp-container-core-group-is-layout-29 wp-block-group-is-layout-flex\">\n<figure class=\"wp-block-image size-full\"><img decoding=\"async\" src=\"http:\/\/bmdisticaret.com\/wp-content\/uploads\/2023\/06\/Person-Chat.svg\" alt=\"\" class=\"wp-image-325\"\/><\/figure>\n\n\n\n<p>Customer Feedback<\/p>\n<\/div>\n\n\n\n<div class=\"wp-block-group wp-container-content-20 is-nowrap is-layout-flex wp-container-core-group-is-layout-30 wp-block-group-is-layout-flex\">\n<figure class=\"wp-block-image size-full\"><img decoding=\"async\" src=\"http:\/\/bmdisticaret.com\/wp-content\/uploads\/2023\/06\/Checkbox-Person.svg\" alt=\"\" class=\"wp-image-316\"\/><\/figure>\n\n\n\n<p>Customer Listing<\/p>\n<\/div>\n\n\n\n<div class=\"wp-block-group wp-container-content-21 is-nowrap is-layout-flex wp-container-core-group-is-layout-31 wp-block-group-is-layout-flex\">\n<figure class=\"wp-block-image size-full\"><img decoding=\"async\" src=\"http:\/\/bmdisticaret.com\/wp-content\/uploads\/2023\/06\/Task-List-LTR.svg\" alt=\"\" class=\"wp-image-328\"\/><\/figure>\n\n\n\n<p>Creation of Work Flow Chart And Transfer<\/p>\n<\/div>\n\n\n\n<div class=\"wp-block-group wp-container-content-22 is-nowrap is-layout-flex wp-container-core-group-is-layout-32 wp-block-group-is-layout-flex\">\n<figure class=\"wp-block-image size-large\"><img decoding=\"async\" src=\"http:\/\/bmdisticaret.com\/wp-content\/uploads\/2023\/07\/surec-nasil-isliyor_I-hracata-yo-nelik-ihtiyac-analizi.svg\" alt=\"\" class=\"wp-image-8265\"\/><\/figure>\n\n\n\n<p>Transfer and Integration of Export Department Service<\/p>\n<\/div>\n\n\n\n<div class=\"wp-block-group wp-container-content-23 is-nowrap is-layout-flex wp-container-core-group-is-layout-33 wp-block-group-is-layout-flex\">\n<figure class=\"wp-block-image size-large\"><img decoding=\"async\" src=\"http:\/\/bmdisticaret.com\/wp-content\/uploads\/2023\/07\/surec-nasil-isliyor_Devlet-tes-vikleri-projelendirilmesi-1.svg\" alt=\"\" class=\"wp-image-8264\"\/><\/figure>\n\n\n\n<p>State Incentives Project Design<\/p>\n<\/div>\n\n\n\n<div class=\"wp-block-group wp-container-content-24 is-nowrap is-layout-flex wp-container-core-group-is-layout-34 wp-block-group-is-layout-flex\">\n<figure class=\"wp-block-image size-large\"><img decoding=\"async\" src=\"http:\/\/bmdisticaret.com\/wp-content\/uploads\/2023\/07\/surec-nasil-isliyor_Devlet-tes-vikleri-projelendirilmesi.svg\" alt=\"\" class=\"wp-image-8263\"\/><\/figure>\n\n\n\n<p>Analysis of Government Incentives<\/p>\n<\/div>\n\n\n\n<div class=\"wp-block-group wp-container-content-25 is-nowrap is-layout-flex wp-container-core-group-is-layout-35 wp-block-group-is-layout-flex\">\n<figure class=\"wp-block-image size-large\"><img decoding=\"async\" src=\"http:\/\/bmdisticaret.com\/wp-content\/uploads\/2023\/07\/surec-nasil-isliyor_Web-sitesi-ve-dijital-argu-manlar-n-haz-rlanmas-.svg\" alt=\"\" class=\"wp-image-8262\"\/><\/figure>\n\n\n\n<p>Preparation of Website and Digital Arguments<\/p>\n<\/div>\n\n\n\n<div class=\"wp-block-group wp-container-content-26 is-nowrap is-layout-flex wp-container-core-group-is-layout-36 wp-block-group-is-layout-flex\">\n<figure class=\"wp-block-image size-large\"><img decoding=\"async\" src=\"http:\/\/bmdisticaret.com\/wp-content\/uploads\/2023\/07\/surec-nasil-isliyor_Katalog-Sosyal-Medya-olus-turulmas-.svg\" alt=\"\" class=\"wp-image-8259\"\/><\/figure>\n\n\n\n<p>Catalog\/Social Media creation<\/p>\n<\/div>\n\n\n\n<div class=\"wp-block-group wp-container-content-27 is-nowrap is-layout-flex wp-container-core-group-is-layout-37 wp-block-group-is-layout-flex\">\n<figure class=\"wp-block-image size-large\"><img decoding=\"async\" src=\"http:\/\/bmdisticaret.com\/wp-content\/uploads\/2023\/07\/surec-nasil-isliyor_Dijitale-yo-nelik-I-htiyac-analizi.svg\" alt=\"\" class=\"wp-image-8258\"\/><\/figure>\n\n\n\n<p>Digital Needs Assessment<\/p>\n<\/div>\n<\/div>\n<\/div>\n\n\n\n<div class=\"wp-block-group solutions-content is-vertical is-content-justification-center is-layout-flex wp-container-core-group-is-layout-43 wp-block-group-is-layout-flex\">\n<h2 class=\"wp-block-heading has-text-align-center\">What&#8217;s Included in the Service?<\/h2>\n\n\n\n<div class=\"wp-block-group inner-row is-content-justification-center is-layout-flex wp-container-core-group-is-layout-42 wp-block-group-is-layout-flex\">\n<p class=\"second-title wp-container-content-28\">Export Department Service<\/p>\n\n\n\n<div class=\"wp-block-group wp-container-content-29\"><div class=\"wp-block-group__inner-container is-layout-constrained wp-block-group-is-layout-constrained\">\n<ul class=\"check-list\">\n<li>5,500 Potential Customer Connections<\/li>\n\n\n\n<li>550 One to One Contact<\/li>\n\n\n\n<li>Over 55 Offers<\/li>\n\n\n\n<li>1 Export Consultant<br>1 Project Manager<br>1 Government Incentives Consultant<br>1 Digital Marketing<\/li>\n<\/ul>\n<\/div><\/div>\n\n\n\n<div class=\"wp-block-group wp-container-content-30\"><div class=\"wp-block-group__inner-container is-layout-constrained wp-block-group-is-layout-constrained\">\n<ul class=\"icon-list\">\n<li>1 Country Visit in 45 Days (Europe, Asia, Africa)<\/li>\n\n\n\n<li>Sales and Operations Monitoring<\/li>\n\n\n\n<li>Government Incentives Consultancy<\/li>\n\n\n\n<li>Money- Back Guarantee<\/li>\n\n\n\n<li>Revenue Target <br><em>*For detailed information about the revenue target, please get in touch!<\/em><\/li>\n<\/ul>\n\n\n\n<p class=\"has-white-color has-text-color has-medium-font-size\"><br><em>Please contact us for price and information.<\/em><\/p>\n<\/div><\/div>\n<\/div>\n<\/div>\n","protected":false},"excerpt":{"rendered":"<p>We wanted to share with you the unpleasant stories about exporting that both we and other exporters have experienced in the past. Our aim will be to minimize the mishaps and mistakes that may occur in the light of these stories as much as possible and to direct those who want to export to the [&hellip;]<\/p>\n","protected":false},"author":1,"featured_media":0,"parent":228,"menu_order":0,"comment_status":"closed","ping_status":"closed","template":"","meta":{"footnotes":""},"yoast_head":"<!-- This site is optimized with the Yoast SEO Premium plugin v22.5 (Yoast SEO v22.5) - https:\/\/yoast.com\/wordpress\/plugins\/seo\/ -->\n<title>Export Department Service - Foreign Trade Consultancy and Project Development: Business Mentor<\/title>\n<meta name=\"robots\" content=\"index, follow, max-snippet:-1, max-image-preview:large, max-video-preview:-1\" \/>\n<link rel=\"canonical\" href=\"https:\/\/bmdisticaret.com\/en\/our-solutions\/export-department-service\/\" \/>\n<meta property=\"og:locale\" content=\"en_US\" \/>\n<meta property=\"og:type\" content=\"article\" \/>\n<meta property=\"og:title\" content=\"Export Department Service\" \/>\n<meta property=\"og:description\" content=\"We wanted to share with you the unpleasant stories about exporting that both we and other exporters have experienced in the past. Our aim will be to minimize the mishaps and mistakes that may occur in the light of these stories as much as possible and to direct those who want to export to the [&hellip;]\" \/>\n<meta property=\"og:url\" content=\"https:\/\/bmdisticaret.com\/en\/our-solutions\/export-department-service\/\" \/>\n<meta property=\"og:site_name\" content=\"Foreign Trade Consultancy and Project Development: Business Mentor\" \/>\n<meta property=\"article:modified_time\" content=\"2023-09-19T13:26:45+00:00\" \/>\n<meta property=\"og:image\" content=\"http:\/\/bmdisticaret.com\/wp-content\/uploads\/2023\/06\/dan-header.jpg\" \/>\n<meta name=\"twitter:card\" content=\"summary_large_image\" \/>\n<meta name=\"twitter:label1\" content=\"Est. reading time\" \/>\n\t<meta name=\"twitter:data1\" content=\"8 minutes\" \/>\n<script type=\"application\/ld+json\" class=\"yoast-schema-graph\">{\"@context\":\"https:\/\/schema.org\",\"@graph\":[{\"@type\":\"WebPage\",\"@id\":\"https:\/\/bmdisticaret.com\/en\/our-solutions\/export-department-service\/\",\"url\":\"https:\/\/bmdisticaret.com\/en\/our-solutions\/export-department-service\/\",\"name\":\"Export Department Service - Foreign Trade Consultancy and Project Development: Business Mentor\",\"isPartOf\":{\"@id\":\"https:\/\/bmdisticaret.com\/en\/#website\"},\"primaryImageOfPage\":{\"@id\":\"https:\/\/bmdisticaret.com\/en\/our-solutions\/export-department-service\/#primaryimage\"},\"image\":{\"@id\":\"https:\/\/bmdisticaret.com\/en\/our-solutions\/export-department-service\/#primaryimage\"},\"thumbnailUrl\":\"http:\/\/bmdisticaret.com\/wp-content\/uploads\/2023\/06\/dan-header.jpg\",\"datePublished\":\"2023-06-14T10:06:38+00:00\",\"dateModified\":\"2023-09-19T13:26:45+00:00\",\"breadcrumb\":{\"@id\":\"https:\/\/bmdisticaret.com\/en\/our-solutions\/export-department-service\/#breadcrumb\"},\"inLanguage\":\"en-US\",\"potentialAction\":[{\"@type\":\"ReadAction\",\"target\":[\"https:\/\/bmdisticaret.com\/en\/our-solutions\/export-department-service\/\"]}]},{\"@type\":\"ImageObject\",\"inLanguage\":\"en-US\",\"@id\":\"https:\/\/bmdisticaret.com\/en\/our-solutions\/export-department-service\/#primaryimage\",\"url\":\"http:\/\/bmdisticaret.com\/wp-content\/uploads\/2023\/06\/dan-header.jpg\",\"contentUrl\":\"http:\/\/bmdisticaret.com\/wp-content\/uploads\/2023\/06\/dan-header.jpg\"},{\"@type\":\"BreadcrumbList\",\"@id\":\"https:\/\/bmdisticaret.com\/en\/our-solutions\/export-department-service\/#breadcrumb\",\"itemListElement\":[{\"@type\":\"ListItem\",\"position\":1,\"name\":\"Anasayfa\",\"item\":\"https:\/\/bmdisticaret.com\/en\/\"},{\"@type\":\"ListItem\",\"position\":2,\"name\":\"Our Solutions\",\"item\":\"https:\/\/bmdisticaret.com\/en\/our-solutions\/\"},{\"@type\":\"ListItem\",\"position\":3,\"name\":\"Export Department Service\"}]},{\"@type\":\"WebSite\",\"@id\":\"https:\/\/bmdisticaret.com\/en\/#website\",\"url\":\"https:\/\/bmdisticaret.com\/en\/\",\"name\":\"Foreign Trade Consultancy and Project Development: Business Mentor\",\"description\":\"\",\"potentialAction\":[{\"@type\":\"SearchAction\",\"target\":{\"@type\":\"EntryPoint\",\"urlTemplate\":\"https:\/\/bmdisticaret.com\/en\/?s={search_term_string}\"},\"query-input\":\"required name=search_term_string\"}],\"inLanguage\":\"en-US\"}]}<\/script>\n<!-- \/ Yoast SEO Premium plugin. -->","yoast_head_json":{"title":"Export Department Service - Foreign Trade Consultancy and Project Development: Business Mentor","robots":{"index":"index","follow":"follow","max-snippet":"max-snippet:-1","max-image-preview":"max-image-preview:large","max-video-preview":"max-video-preview:-1"},"canonical":"https:\/\/bmdisticaret.com\/en\/our-solutions\/export-department-service\/","og_locale":"en_US","og_type":"article","og_title":"Export Department Service","og_description":"We wanted to share with you the unpleasant stories about exporting that both we and other exporters have experienced in the past. Our aim will be to minimize the mishaps and mistakes that may occur in the light of these stories as much as possible and to direct those who want to export to the [&hellip;]","og_url":"https:\/\/bmdisticaret.com\/en\/our-solutions\/export-department-service\/","og_site_name":"Foreign Trade Consultancy and Project Development: Business Mentor","article_modified_time":"2023-09-19T13:26:45+00:00","og_image":[{"url":"http:\/\/bmdisticaret.com\/wp-content\/uploads\/2023\/06\/dan-header.jpg"}],"twitter_card":"summary_large_image","twitter_misc":{"Est. reading time":"8 minutes"},"schema":{"@context":"https:\/\/schema.org","@graph":[{"@type":"WebPage","@id":"https:\/\/bmdisticaret.com\/en\/our-solutions\/export-department-service\/","url":"https:\/\/bmdisticaret.com\/en\/our-solutions\/export-department-service\/","name":"Export Department Service - Foreign Trade Consultancy and Project Development: Business Mentor","isPartOf":{"@id":"https:\/\/bmdisticaret.com\/en\/#website"},"primaryImageOfPage":{"@id":"https:\/\/bmdisticaret.com\/en\/our-solutions\/export-department-service\/#primaryimage"},"image":{"@id":"https:\/\/bmdisticaret.com\/en\/our-solutions\/export-department-service\/#primaryimage"},"thumbnailUrl":"http:\/\/bmdisticaret.com\/wp-content\/uploads\/2023\/06\/dan-header.jpg","datePublished":"2023-06-14T10:06:38+00:00","dateModified":"2023-09-19T13:26:45+00:00","breadcrumb":{"@id":"https:\/\/bmdisticaret.com\/en\/our-solutions\/export-department-service\/#breadcrumb"},"inLanguage":"en-US","potentialAction":[{"@type":"ReadAction","target":["https:\/\/bmdisticaret.com\/en\/our-solutions\/export-department-service\/"]}]},{"@type":"ImageObject","inLanguage":"en-US","@id":"https:\/\/bmdisticaret.com\/en\/our-solutions\/export-department-service\/#primaryimage","url":"http:\/\/bmdisticaret.com\/wp-content\/uploads\/2023\/06\/dan-header.jpg","contentUrl":"http:\/\/bmdisticaret.com\/wp-content\/uploads\/2023\/06\/dan-header.jpg"},{"@type":"BreadcrumbList","@id":"https:\/\/bmdisticaret.com\/en\/our-solutions\/export-department-service\/#breadcrumb","itemListElement":[{"@type":"ListItem","position":1,"name":"Anasayfa","item":"https:\/\/bmdisticaret.com\/en\/"},{"@type":"ListItem","position":2,"name":"Our Solutions","item":"https:\/\/bmdisticaret.com\/en\/our-solutions\/"},{"@type":"ListItem","position":3,"name":"Export Department Service"}]},{"@type":"WebSite","@id":"https:\/\/bmdisticaret.com\/en\/#website","url":"https:\/\/bmdisticaret.com\/en\/","name":"Foreign Trade Consultancy and Project Development: Business Mentor","description":"","potentialAction":[{"@type":"SearchAction","target":{"@type":"EntryPoint","urlTemplate":"https:\/\/bmdisticaret.com\/en\/?s={search_term_string}"},"query-input":"required name=search_term_string"}],"inLanguage":"en-US"}]}},"_links":{"self":[{"href":"https:\/\/bmdisticaret.com\/en\/wp-json\/wp\/v2\/pages\/445"}],"collection":[{"href":"https:\/\/bmdisticaret.com\/en\/wp-json\/wp\/v2\/pages"}],"about":[{"href":"https:\/\/bmdisticaret.com\/en\/wp-json\/wp\/v2\/types\/page"}],"author":[{"embeddable":true,"href":"https:\/\/bmdisticaret.com\/en\/wp-json\/wp\/v2\/users\/1"}],"replies":[{"embeddable":true,"href":"https:\/\/bmdisticaret.com\/en\/wp-json\/wp\/v2\/comments?post=445"}],"version-history":[{"count":4,"href":"https:\/\/bmdisticaret.com\/en\/wp-json\/wp\/v2\/pages\/445\/revisions"}],"predecessor-version":[{"id":8474,"href":"https:\/\/bmdisticaret.com\/en\/wp-json\/wp\/v2\/pages\/445\/revisions\/8474"}],"up":[{"embeddable":true,"href":"https:\/\/bmdisticaret.com\/en\/wp-json\/wp\/v2\/pages\/228"}],"wp:attachment":[{"href":"https:\/\/bmdisticaret.com\/en\/wp-json\/wp\/v2\/media?parent=445"}],"curies":[{"name":"wp","href":"https:\/\/api.w.org\/{rel}","templated":true}]}}