{"id":447,"date":"2023-06-14T13:07:24","date_gmt":"2023-06-14T10:07:24","guid":{"rendered":"http:\/\/bmdisticaret.com\/?page_id=447"},"modified":"2023-09-19T15:46:17","modified_gmt":"2023-09-19T12:46:17","slug":"export-assistance-service","status":"publish","type":"page","link":"https:\/\/bmdisticaret.com\/en\/our-solutions\/export-assistance-service\/","title":{"rendered":"Export Assistance Service"},"content":{"rendered":"\n<div class=\"wp-block-cover solution-header\"><span aria-hidden=\"true\" class=\"wp-block-cover__background has-background-dim-80 has-background-dim\"><\/span><img decoding=\"async\" class=\"wp-block-cover__image-background wp-image-267\" alt=\"\" src=\"http:\/\/bmdisticaret.com\/wp-content\/uploads\/2023\/06\/dan-header.jpg\" data-object-fit=\"cover\"\/><div class=\"wp-block-cover__inner-container is-layout-flow wp-block-cover-is-layout-flow\">\n<h1 class=\"wp-block-heading has-text-align-center has-large-font-size\">EXPORT <em>Assistance<\/em> Service<\/h1>\n\n\n\n<p class=\"has-text-align-center\">The fastest, most effective and reliable solution to increase your international contacts and customer portfolio for international sales in as little as 6 months.<\/p>\n\n\n\n<p class=\"has-text-align-center\">If you have an export department or export employees and want to increase your offers, this support is for you!<\/p>\n\n\n\n<p class=\"has-text-align-center\">Our goal is to find new contacts and customers in the target countries determined in the target market research based on the needs and performance analysis.<\/p>\n<\/div><\/div>\n\n\n\n<div class=\"wp-block-group solution-video\"><div class=\"wp-block-group__inner-container is-layout-constrained wp-block-group-is-layout-constrained\">\n<div class=\"wp-block-group container is-nowrap is-layout-flex wp-container-core-group-is-layout-2 wp-block-group-is-layout-flex\">\n<figure class=\"wp-block-embed is-type-video is-provider-youtube wp-block-embed-youtube wp-embed-aspect-16-9 wp-has-aspect-ratio\"><div class=\"wp-block-embed__wrapper\">\n<iframe loading=\"lazy\" title=\"Mobilya Sekt\u00f6r\u00fcnde \u0130hracat Nas\u0131l Yap\u0131l\u0131r?\" width=\"500\" height=\"281\" src=\"https:\/\/www.youtube.com\/embed\/Y8Axw-Hf_Zc?start=452&#038;feature=oembed\" frameborder=\"0\" allow=\"accelerometer; autoplay; clipboard-write; encrypted-media; gyroscope; picture-in-picture; web-share\" referrerpolicy=\"strict-origin-when-cross-origin\" allowfullscreen><\/iframe>\n<\/div><\/figure>\n\n\n\n<div class=\"wp-block-group wp-container-content-1\"><div class=\"wp-block-group__inner-container is-layout-constrained wp-block-group-is-layout-constrained\">\n<p class=\"has-medium-font-size\">We tried to give information about the steps to be taken to export in the furniture sector and how to create a distributor and dealer network.<\/p>\n<\/div><\/div>\n<\/div>\n<\/div><\/div>\n\n\n\n<div class=\"wp-block-group six-box\"><div class=\"wp-block-group__inner-container is-layout-constrained wp-block-group-is-layout-constrained\">\n<div class=\"wp-block-group container is-layout-flex wp-block-group-is-layout-flex\">\n<div class=\"wp-block-group wp-container-content-2 is-nowrap is-layout-flex wp-container-core-group-is-layout-5 wp-block-group-is-layout-flex\">\n<figure class=\"wp-block-image size-large\"><img decoding=\"async\" src=\"http:\/\/bmdisticaret.com\/wp-content\/uploads\/2023\/07\/ihracat-destek-hizmeti_dusuk-maliyet-1.svg\" alt=\"\" class=\"wp-image-8236\"\/><\/figure>\n\n\n\n<div class=\"wp-block-group is-vertical is-layout-flex wp-container-core-group-is-layout-4 wp-block-group-is-layout-flex\">\n<h4 class=\"wp-block-heading\">Low Cost<\/h4>\n\n\n\n<p>Start by identifying the right target for your brand&#8217;s marketing budget.<\/p>\n<\/div>\n<\/div>\n\n\n\n<div class=\"wp-block-group wp-container-content-3 is-nowrap is-layout-flex wp-container-core-group-is-layout-7 wp-block-group-is-layout-flex\">\n<figure class=\"wp-block-image size-large\"><img decoding=\"async\" src=\"http:\/\/bmdisticaret.com\/wp-content\/uploads\/2023\/07\/ihracat-destek-hizmeti_h-zl-ve-etkin-cozum.svg\" alt=\"\" class=\"wp-image-8238\"\/><\/figure>\n\n\n\n<div class=\"wp-block-group is-vertical is-layout-flex wp-container-core-group-is-layout-6 wp-block-group-is-layout-flex\">\n<h4 class=\"wp-block-heading\">Fast and Effective Solution<\/h4>\n\n\n\n<p>Start exporting without wasting time and money with targets tailored to your brand&#8217;s needs.<\/p>\n<\/div>\n<\/div>\n\n\n\n<div class=\"wp-block-group wp-container-content-4 is-nowrap is-layout-flex wp-container-core-group-is-layout-9 wp-block-group-is-layout-flex\">\n<figure class=\"wp-block-image size-large\"><img decoding=\"async\" src=\"http:\/\/bmdisticaret.com\/wp-content\/uploads\/2023\/07\/ihracat-destek-hizmeti_yeni-musteri-portfoyu.svg\" alt=\"\" class=\"wp-image-8240\"\/><\/figure>\n\n\n\n<div class=\"wp-block-group is-vertical is-layout-flex wp-container-core-group-is-layout-8 wp-block-group-is-layout-flex\">\n<h4 class=\"wp-block-heading\">New Customer Portfolio<\/h4>\n\n\n\n<p>Thousands of new customers are waiting for you in a trade model without borders!<\/p>\n<\/div>\n<\/div>\n\n\n\n<div class=\"wp-block-group wp-container-content-5 is-nowrap is-layout-flex wp-container-core-group-is-layout-10 wp-block-group-is-layout-flex\"><\/div>\n\n\n\n<div class=\"wp-block-group wp-container-content-6 is-nowrap is-layout-flex wp-container-core-group-is-layout-11 wp-block-group-is-layout-flex\"><\/div>\n\n\n\n<div class=\"wp-block-group wp-container-content-7 is-nowrap is-layout-flex wp-container-core-group-is-layout-12 wp-block-group-is-layout-flex\"><\/div>\n<\/div>\n<\/div><\/div>\n\n\n\n<div class=\"wp-block-group solution-process is-vertical is-content-justification-center is-layout-flex wp-container-core-group-is-layout-23 wp-block-group-is-layout-flex\">\n<h2 class=\"wp-block-heading has-text-align-center sectitle\">How Does the Process Work?<\/h2>\n\n\n\n<div class=\"wp-block-group container is-layout-flex wp-block-group-is-layout-flex\">\n<div class=\"wp-block-group wp-container-content-8 is-nowrap is-layout-flex wp-container-core-group-is-layout-15 wp-block-group-is-layout-flex\">\n<figure class=\"wp-block-image size-full\"><img decoding=\"async\" src=\"http:\/\/bmdisticaret.com\/wp-content\/uploads\/2023\/06\/questionnaire.svg\" alt=\"\" class=\"wp-image-327\"\/><\/figure>\n\n\n\n<p>How Does the Process Work?<\/p>\n<\/div>\n\n\n\n<div class=\"wp-block-group wp-container-content-9 is-nowrap is-layout-flex wp-container-core-group-is-layout-16 wp-block-group-is-layout-flex\">\n<figure class=\"wp-block-image size-full\"><img decoding=\"async\" src=\"http:\/\/bmdisticaret.com\/wp-content\/uploads\/2023\/06\/Person-Call.svg\" alt=\"\" class=\"wp-image-324\"\/><\/figure>\n\n\n\n<p>Customer Conversations (Zoom, Whatsapp, Phone Call, Mailing)<\/p>\n<\/div>\n\n\n\n<div class=\"wp-block-group wp-container-content-10 is-nowrap is-layout-flex wp-container-core-group-is-layout-17 wp-block-group-is-layout-flex\">\n<figure class=\"wp-block-image size-full\"><img decoding=\"async\" src=\"http:\/\/bmdisticaret.com\/wp-content\/uploads\/2023\/06\/Document-Search.svg\" alt=\"\" class=\"wp-image-322\"\/><\/figure>\n\n\n\n<p>Target Market Research<\/p>\n<\/div>\n\n\n\n<div class=\"wp-block-group wp-container-content-11 is-nowrap is-layout-flex wp-container-core-group-is-layout-18 wp-block-group-is-layout-flex\">\n<figure class=\"wp-block-image size-full\"><img decoding=\"async\" src=\"http:\/\/bmdisticaret.com\/wp-content\/uploads\/2023\/06\/Clipboard-Task.svg\" alt=\"\" class=\"wp-image-319\"\/><\/figure>\n\n\n\n<p>Quote<\/p>\n<\/div>\n\n\n\n<div class=\"wp-block-group wp-container-content-12 is-nowrap is-layout-flex wp-container-core-group-is-layout-19 wp-block-group-is-layout-flex\">\n<figure class=\"wp-block-image size-full\"><img decoding=\"async\" src=\"http:\/\/bmdisticaret.com\/wp-content\/uploads\/2023\/06\/People-Team-Add.svg\" alt=\"\" class=\"wp-image-323\"\/><\/figure>\n\n\n\n<p>Consultant Assignment<\/p>\n<\/div>\n\n\n\n<div class=\"wp-block-group wp-container-content-13 is-nowrap is-layout-flex wp-container-core-group-is-layout-20 wp-block-group-is-layout-flex\">\n<figure class=\"wp-block-image size-large\"><img decoding=\"async\" src=\"http:\/\/bmdisticaret.com\/wp-content\/uploads\/2023\/06\/Checkbox-Person-2.svg\" alt=\"\" class=\"wp-image-316\"\/><\/figure>\n\n\n\n<p>Customer Listing<\/p>\n<\/div>\n\n\n\n<div class=\"wp-block-group wp-container-content-14 is-nowrap is-layout-flex wp-container-core-group-is-layout-21 wp-block-group-is-layout-flex\">\n<figure class=\"wp-block-image size-full\"><img decoding=\"async\" src=\"http:\/\/bmdisticaret.com\/wp-content\/uploads\/2023\/06\/Document-Bullet-List.svg\" alt=\"\" class=\"wp-image-321\"\/><\/figure>\n\n\n\n<p>Product\/Brand Orientation<\/p>\n<\/div>\n<\/div>\n<\/div>\n\n\n\n<div class=\"wp-block-group solutions-content is-vertical is-content-justification-center is-layout-flex wp-container-core-group-is-layout-27 wp-block-group-is-layout-flex\">\n<h2 class=\"wp-block-heading has-text-align-center\">What is included in the service?<\/h2>\n\n\n\n<div class=\"wp-block-group inner-row is-content-justification-center is-layout-flex wp-container-core-group-is-layout-26 wp-block-group-is-layout-flex\">\n<p class=\"second-title wp-container-content-15\">Export <em>Assistance<\/em> Service<\/p>\n\n\n\n<div class=\"wp-block-group wp-container-content-16\"><div class=\"wp-block-group__inner-container is-layout-constrained wp-block-group-is-layout-constrained\">\n<ul class=\"check-list\">\n<li>5,500 Potential Customer Connections<\/li>\n\n\n\n<li>550 One-to-one Contact<\/li>\n\n\n\n<li>Over 55 Proposal<\/li>\n\n\n\n<li>1 Export Consultant Assignment<\/li>\n<\/ul>\n<\/div><\/div>\n\n\n\n<div class=\"wp-block-group wp-container-content-17\"><div class=\"wp-block-group__inner-container is-layout-constrained wp-block-group-is-layout-constrained\">\n<ul class=\"icon-list\">\n<li>Target Market Research<\/li>\n\n\n\n<li>Customer and Competitor Analysis<\/li>\n\n\n\n<li>Quotation<\/li>\n\n\n\n<li>100% Money Back Guaranteed<\/li>\n<\/ul>\n\n\n\n<p class=\"has-white-color has-text-color has-medium-font-size\"><br><em>Please contact us for price and information.<\/em><\/p>\n<\/div><\/div>\n<\/div>\n<\/div>\n","protected":false},"excerpt":{"rendered":"<p>We tried to give information about the steps to be taken to export in the furniture sector and how to create a distributor and dealer network. Low Cost Start by identifying the right target for your brand&#8217;s marketing budget. Fast and Effective Solution Start exporting without wasting time and money with targets tailored to your [&hellip;]<\/p>\n","protected":false},"author":1,"featured_media":0,"parent":228,"menu_order":0,"comment_status":"closed","ping_status":"closed","template":"","meta":{"footnotes":""},"yoast_head":"<!-- This site is optimized with the Yoast SEO Premium plugin v22.5 (Yoast SEO v22.5) - https:\/\/yoast.com\/wordpress\/plugins\/seo\/ -->\n<title>Export Assistance Service - Foreign Trade Consultancy and Project Development: Business Mentor<\/title>\n<meta name=\"robots\" content=\"index, follow, max-snippet:-1, max-image-preview:large, max-video-preview:-1\" \/>\n<link rel=\"canonical\" href=\"https:\/\/bmdisticaret.com\/en\/our-solutions\/export-assistance-service\/\" \/>\n<meta property=\"og:locale\" content=\"en_US\" \/>\n<meta property=\"og:type\" content=\"article\" \/>\n<meta property=\"og:title\" content=\"Export Assistance Service\" \/>\n<meta property=\"og:description\" content=\"We tried to give information about the steps to be taken to export in the furniture sector and how to create a distributor and dealer network. Low Cost Start by identifying the right target for your brand&#8217;s marketing budget. Fast and Effective Solution Start exporting without wasting time and money with targets tailored to your [&hellip;]\" \/>\n<meta property=\"og:url\" content=\"https:\/\/bmdisticaret.com\/en\/our-solutions\/export-assistance-service\/\" \/>\n<meta property=\"og:site_name\" content=\"Foreign Trade Consultancy and Project Development: Business Mentor\" \/>\n<meta property=\"article:modified_time\" content=\"2023-09-19T12:46:17+00:00\" \/>\n<meta property=\"og:image\" content=\"http:\/\/bmdisticaret.com\/wp-content\/uploads\/2023\/06\/dan-header.jpg\" \/>\n<meta name=\"twitter:card\" content=\"summary_large_image\" \/>\n<meta name=\"twitter:label1\" content=\"Est. reading time\" \/>\n\t<meta name=\"twitter:data1\" content=\"4 minutes\" \/>\n<script type=\"application\/ld+json\" class=\"yoast-schema-graph\">{\"@context\":\"https:\/\/schema.org\",\"@graph\":[{\"@type\":\"WebPage\",\"@id\":\"https:\/\/bmdisticaret.com\/en\/our-solutions\/export-assistance-service\/\",\"url\":\"https:\/\/bmdisticaret.com\/en\/our-solutions\/export-assistance-service\/\",\"name\":\"Export Assistance Service - Foreign Trade Consultancy and Project Development: Business Mentor\",\"isPartOf\":{\"@id\":\"https:\/\/bmdisticaret.com\/en\/#website\"},\"primaryImageOfPage\":{\"@id\":\"https:\/\/bmdisticaret.com\/en\/our-solutions\/export-assistance-service\/#primaryimage\"},\"image\":{\"@id\":\"https:\/\/bmdisticaret.com\/en\/our-solutions\/export-assistance-service\/#primaryimage\"},\"thumbnailUrl\":\"http:\/\/bmdisticaret.com\/wp-content\/uploads\/2023\/06\/dan-header.jpg\",\"datePublished\":\"2023-06-14T10:07:24+00:00\",\"dateModified\":\"2023-09-19T12:46:17+00:00\",\"breadcrumb\":{\"@id\":\"https:\/\/bmdisticaret.com\/en\/our-solutions\/export-assistance-service\/#breadcrumb\"},\"inLanguage\":\"en-US\",\"potentialAction\":[{\"@type\":\"ReadAction\",\"target\":[\"https:\/\/bmdisticaret.com\/en\/our-solutions\/export-assistance-service\/\"]}]},{\"@type\":\"ImageObject\",\"inLanguage\":\"en-US\",\"@id\":\"https:\/\/bmdisticaret.com\/en\/our-solutions\/export-assistance-service\/#primaryimage\",\"url\":\"http:\/\/bmdisticaret.com\/wp-content\/uploads\/2023\/06\/dan-header.jpg\",\"contentUrl\":\"http:\/\/bmdisticaret.com\/wp-content\/uploads\/2023\/06\/dan-header.jpg\"},{\"@type\":\"BreadcrumbList\",\"@id\":\"https:\/\/bmdisticaret.com\/en\/our-solutions\/export-assistance-service\/#breadcrumb\",\"itemListElement\":[{\"@type\":\"ListItem\",\"position\":1,\"name\":\"Anasayfa\",\"item\":\"https:\/\/bmdisticaret.com\/en\/\"},{\"@type\":\"ListItem\",\"position\":2,\"name\":\"Our Solutions\",\"item\":\"https:\/\/bmdisticaret.com\/en\/our-solutions\/\"},{\"@type\":\"ListItem\",\"position\":3,\"name\":\"Export Assistance Service\"}]},{\"@type\":\"WebSite\",\"@id\":\"https:\/\/bmdisticaret.com\/en\/#website\",\"url\":\"https:\/\/bmdisticaret.com\/en\/\",\"name\":\"Foreign Trade Consultancy and Project Development: Business Mentor\",\"description\":\"\",\"potentialAction\":[{\"@type\":\"SearchAction\",\"target\":{\"@type\":\"EntryPoint\",\"urlTemplate\":\"https:\/\/bmdisticaret.com\/en\/?s={search_term_string}\"},\"query-input\":\"required name=search_term_string\"}],\"inLanguage\":\"en-US\"}]}<\/script>\n<!-- \/ Yoast SEO Premium plugin. -->","yoast_head_json":{"title":"Export Assistance Service - Foreign Trade Consultancy and Project Development: Business Mentor","robots":{"index":"index","follow":"follow","max-snippet":"max-snippet:-1","max-image-preview":"max-image-preview:large","max-video-preview":"max-video-preview:-1"},"canonical":"https:\/\/bmdisticaret.com\/en\/our-solutions\/export-assistance-service\/","og_locale":"en_US","og_type":"article","og_title":"Export Assistance Service","og_description":"We tried to give information about the steps to be taken to export in the furniture sector and how to create a distributor and dealer network. Low Cost Start by identifying the right target for your brand&#8217;s marketing budget. Fast and Effective Solution Start exporting without wasting time and money with targets tailored to your [&hellip;]","og_url":"https:\/\/bmdisticaret.com\/en\/our-solutions\/export-assistance-service\/","og_site_name":"Foreign Trade Consultancy and Project Development: Business Mentor","article_modified_time":"2023-09-19T12:46:17+00:00","og_image":[{"url":"http:\/\/bmdisticaret.com\/wp-content\/uploads\/2023\/06\/dan-header.jpg"}],"twitter_card":"summary_large_image","twitter_misc":{"Est. reading time":"4 minutes"},"schema":{"@context":"https:\/\/schema.org","@graph":[{"@type":"WebPage","@id":"https:\/\/bmdisticaret.com\/en\/our-solutions\/export-assistance-service\/","url":"https:\/\/bmdisticaret.com\/en\/our-solutions\/export-assistance-service\/","name":"Export Assistance Service - Foreign Trade Consultancy and Project Development: Business Mentor","isPartOf":{"@id":"https:\/\/bmdisticaret.com\/en\/#website"},"primaryImageOfPage":{"@id":"https:\/\/bmdisticaret.com\/en\/our-solutions\/export-assistance-service\/#primaryimage"},"image":{"@id":"https:\/\/bmdisticaret.com\/en\/our-solutions\/export-assistance-service\/#primaryimage"},"thumbnailUrl":"http:\/\/bmdisticaret.com\/wp-content\/uploads\/2023\/06\/dan-header.jpg","datePublished":"2023-06-14T10:07:24+00:00","dateModified":"2023-09-19T12:46:17+00:00","breadcrumb":{"@id":"https:\/\/bmdisticaret.com\/en\/our-solutions\/export-assistance-service\/#breadcrumb"},"inLanguage":"en-US","potentialAction":[{"@type":"ReadAction","target":["https:\/\/bmdisticaret.com\/en\/our-solutions\/export-assistance-service\/"]}]},{"@type":"ImageObject","inLanguage":"en-US","@id":"https:\/\/bmdisticaret.com\/en\/our-solutions\/export-assistance-service\/#primaryimage","url":"http:\/\/bmdisticaret.com\/wp-content\/uploads\/2023\/06\/dan-header.jpg","contentUrl":"http:\/\/bmdisticaret.com\/wp-content\/uploads\/2023\/06\/dan-header.jpg"},{"@type":"BreadcrumbList","@id":"https:\/\/bmdisticaret.com\/en\/our-solutions\/export-assistance-service\/#breadcrumb","itemListElement":[{"@type":"ListItem","position":1,"name":"Anasayfa","item":"https:\/\/bmdisticaret.com\/en\/"},{"@type":"ListItem","position":2,"name":"Our Solutions","item":"https:\/\/bmdisticaret.com\/en\/our-solutions\/"},{"@type":"ListItem","position":3,"name":"Export Assistance Service"}]},{"@type":"WebSite","@id":"https:\/\/bmdisticaret.com\/en\/#website","url":"https:\/\/bmdisticaret.com\/en\/","name":"Foreign Trade Consultancy and Project Development: Business Mentor","description":"","potentialAction":[{"@type":"SearchAction","target":{"@type":"EntryPoint","urlTemplate":"https:\/\/bmdisticaret.com\/en\/?s={search_term_string}"},"query-input":"required name=search_term_string"}],"inLanguage":"en-US"}]}},"_links":{"self":[{"href":"https:\/\/bmdisticaret.com\/en\/wp-json\/wp\/v2\/pages\/447"}],"collection":[{"href":"https:\/\/bmdisticaret.com\/en\/wp-json\/wp\/v2\/pages"}],"about":[{"href":"https:\/\/bmdisticaret.com\/en\/wp-json\/wp\/v2\/types\/page"}],"author":[{"embeddable":true,"href":"https:\/\/bmdisticaret.com\/en\/wp-json\/wp\/v2\/users\/1"}],"replies":[{"embeddable":true,"href":"https:\/\/bmdisticaret.com\/en\/wp-json\/wp\/v2\/comments?post=447"}],"version-history":[{"count":4,"href":"https:\/\/bmdisticaret.com\/en\/wp-json\/wp\/v2\/pages\/447\/revisions"}],"predecessor-version":[{"id":8471,"href":"https:\/\/bmdisticaret.com\/en\/wp-json\/wp\/v2\/pages\/447\/revisions\/8471"}],"up":[{"embeddable":true,"href":"https:\/\/bmdisticaret.com\/en\/wp-json\/wp\/v2\/pages\/228"}],"wp:attachment":[{"href":"https:\/\/bmdisticaret.com\/en\/wp-json\/wp\/v2\/media?parent=447"}],"curies":[{"name":"wp","href":"https:\/\/api.w.org\/{rel}","templated":true}]}}